{"id":833,"date":"2022-07-04T11:21:47","date_gmt":"2022-07-04T11:21:47","guid":{"rendered":"https:\/\/saareliivituulepark.ee\/?page_id=833"},"modified":"2025-09-23T09:55:27","modified_gmt":"2025-09-23T09:55:27","slug":"project-information","status":"publish","type":"page","link":"https:\/\/saareliivituulepark.ee\/en\/project-information\/","title":{"rendered":"Project information"},"content":{"rendered":"<div class=\"wpb-content-wrapper\"><p>[vc_row dfd_row_config=&#8221;full_width_content&#8221; css=&#8221;.vc_custom_1656941022917{background-color: #f4f4f4 !important;}&#8221;][vc_column]<div class=\"dfd-spacer-module\"  data-units=\"px\" data-wide_resolution=\"1280\" data-wide_size=\"50\" data-normal_resolution=\"1024\" data-normal_size=\"50\" data-tablet_resolution=\"800\" data-tablet_size=\"30\" data-mobile_resolution=\"480\" data-mobile_size=\"20\" style=\"height: 50px;\"><\/div><div class=\"dfd-heading-shortcode\"><div class=\"dfd-heading-module-wrap  text-center style_03 cr-animate-gen dfd-heading-69da528b13b44 dfd-disable-resposive-headings\" id=\"dfd-heading-69da528b13b44\" data-animate-type = \"transition.slideRightBigIn\" ><div class=\"inline-block\"><div class=\"dfd-heading-module\"><div class=\"dfd-heading-delimiter dfd-img-lazy-load\"><\/div><h6 class=\"widget-title dfd-title \" style=\"font-family:Raleway; font-weight:400; font-style:normal; font-size: 28px; color: #000000 !important; line-height: 35px; \">Project information<\/h6><\/div><\/div><\/div><script type=\"text\/javascript\">\r\n\t\t\t\t\t\t\t\t\t(function($) {\r\n\t\t\t\t\t\t\t\t\t\t$(\"head\").append(\"<style>.dfd-heading-69da528b13b44.dfd-heading-module-wrap .dfd-heading-module .dfd-heading-delimiter {border-bottom-style:solid;border-bottom-width:2px;width:130px;border-bottom-color:#a2c02f;}.dfd-heading-69da528b13b44.dfd-heading-module-wrap .dfd-heading-module .dfd-heading-delimiter {margin-top:0px;margin-bottom:25px;}@media (max-width: 1279px) and (min-width: 1024px){.dfd-heading-69da528b13b44 .dfd-title{font-size: 26px !important;letter-spacing: 0px !important;line-height: 34px !important;}}@media (max-width: 1023px) and (min-width: 800px){.dfd-heading-69da528b13b44 .dfd-title{font-size: 24px !important;letter-spacing: 0px !important;line-height: 30px !important;}}@media (max-width: 799px){.dfd-heading-69da528b13b44 .dfd-title{font-size: 20px !important;letter-spacing: 0px !important;line-height: 26px !important;}}<\/style>\");\r\n\t\t\t\t\t\t\t\t\t})(jQuery);\r\n\t\t\t\t\t\t\t\t<\/script><\/div><div class=\"dfd-spacer-module\"  data-units=\"px\" data-wide_resolution=\"1280\" data-wide_size=\"50\" data-normal_resolution=\"1024\" data-normal_size=\"50\" data-tablet_resolution=\"800\" data-tablet_size=\"30\" data-mobile_resolution=\"480\" data-mobile_size=\"20\" style=\"height: 50px;\"><\/div>[\/vc_column][\/vc_row][vc_row css=&#8221;.vc_custom_1663233860928{background-color: #f4f4f4 !important;}&#8221;][vc_column width=&#8221;1\/2&#8243;][vc_column_text]<span data-contrast=\"auto\">According to the county-wide spatial plan established in 2017 for the maritime area bordering P\u00e4rnu County, areas in the Gulf of Riga are defined wherein offshore wind farms can be built. The building permit application submitted by Utilitas in 2021, met the conditions of the plan, and the Consumer Protection and Technical Supervision Agency (TTJA) initiated the building permit procedure at the end of the year.<\/span><span data-ccp-props=\"{&quot;201341983&quot;:0,&quot;335559739&quot;:160,&quot;335559740&quot;:259}\">\u00a0<\/span><\/p>\n<p><span data-contrast=\"auto\">The object of the superficies licence is the production of electricity and\/or hydrogen through offshore wind power plant facilities. The capacity, number, and height of the wind turbines will be determined in the course of the superficies licence procedure, including the environmental impact assessment (hereinafter EIA) and depends on the nature protection, technical, and national defence restrictions as well as economic factors.<\/span><span data-ccp-props=\"{&quot;201341983&quot;:0,&quot;335559739&quot;:160,&quot;335559740&quot;:259}\">\u00a0<\/span><\/p>\n<p><span data-contrast=\"auto\">According to the technical conditions issued by the grid company, the first stage of development includes the erection of approximately 80 wind turbines with a total capacity of 1,200 MW, with an expected annual electricity production of over 5 TWh.<\/span><span data-ccp-props=\"{&quot;201341983&quot;:0,&quot;335559739&quot;:160,&quot;335559740&quot;:259}\">\u00a0<\/span>[\/vc_column_text]<div class=\"dfd-spacer-module\"  data-units=\"px\" data-wide_resolution=\"1280\" data-wide_size=\"50\" data-normal_resolution=\"1024\" data-normal_size=\"40\" data-tablet_resolution=\"800\" data-tablet_size=\"40\" data-mobile_resolution=\"480\" data-mobile_size=\"30\" style=\"height: 50px;\"><\/div>[vc_single_image image=&#8221;1385&#8243; img_size=&#8221;medium&#8221; alignment=&#8221;center&#8221; css=&#8221;&#8221;]<div class=\"dfd-spacer-module\"  data-units=\"px\" data-wide_resolution=\"1280\" data-wide_size=\"50\" data-normal_resolution=\"1024\" data-normal_size=\"40\" data-tablet_resolution=\"800\" data-tablet_size=\"40\" data-mobile_resolution=\"480\" data-mobile_size=\"30\" style=\"height: 50px;\"><\/div>[\/vc_column][vc_column width=&#8221;1\/2&#8243;][vc_single_image image=&#8221;598&#8243; img_size=&#8221;650&#215;350&#8243;]<div class=\"dfd-spacer-module\"  data-units=\"px\" data-wide_resolution=\"1280\" data-wide_size=\"50\" data-normal_resolution=\"1024\" data-normal_size=\"40\" data-tablet_resolution=\"800\" data-tablet_size=\"40\" data-mobile_resolution=\"480\" data-mobile_size=\"30\" style=\"height: 50px;\"><\/div><div class=\"dfd-spacer-module\"  data-units=\"px\" data-wide_resolution=\"1280\" data-wide_size=\"50\" data-normal_resolution=\"1024\" data-normal_size=\"40\" data-tablet_resolution=\"800\" data-tablet_size=\"40\" data-mobile_resolution=\"480\" data-mobile_size=\"30\" style=\"height: 50px;\"><\/div>[vc_column_text css=&#8221;&#8221;]<em><span class=\"TextRun SCXW214420114 BCX8\" lang=\"ET-EE\" xml:lang=\"ET-EE\" data-contrast=\"auto\"><span class=\"NormalTextRun SpellingErrorV2Themed SCXW214420114 BCX8\">Funded<\/span><span class=\"NormalTextRun SCXW214420114 BCX8\"> by <\/span><span class=\"NormalTextRun SpellingErrorV2Themed SCXW214420114 BCX8\">the<\/span> <span class=\"NormalTextRun SpellingErrorV2Themed SCXW214420114 BCX8\">European<\/span> <span class=\"NormalTextRun SpellingErrorV2Themed SCXW214420114 BCX8\">Union<\/span><span class=\"NormalTextRun SCXW214420114 BCX8\">. <\/span><span class=\"NormalTextRun SpellingErrorV2Themed SCXW214420114 BCX8\">Views<\/span><span class=\"NormalTextRun SCXW214420114 BCX8\"> and <\/span><span class=\"NormalTextRun SpellingErrorV2Themed SCXW214420114 BCX8\">opinions<\/span> <span class=\"NormalTextRun SpellingErrorV2Themed SCXW214420114 BCX8\">expressed<\/span><span class=\"NormalTextRun SCXW214420114 BCX8\"> are <\/span><span class=\"NormalTextRun SpellingErrorV2Themed SCXW214420114 BCX8\">however<\/span> <span class=\"NormalTextRun SpellingErrorV2Themed SCXW214420114 BCX8\">those<\/span><span class=\"NormalTextRun SCXW214420114 BCX8\"> of <\/span><span class=\"NormalTextRun SpellingErrorV2Themed SCXW214420114 BCX8\">the<\/span> <span class=\"NormalTextRun SpellingErrorV2Themed SCXW214420114 BCX8\">author<\/span><span class=\"NormalTextRun SCXW214420114 BCX8\">(s) <\/span><span class=\"NormalTextRun SpellingErrorV2Themed SCXW214420114 BCX8\">only<\/span><span class=\"NormalTextRun SCXW214420114 BCX8\"> and do <\/span><span class=\"NormalTextRun SpellingErrorV2Themed SCXW214420114 BCX8\">not<\/span> <span class=\"NormalTextRun SpellingErrorV2Themed SCXW214420114 BCX8\">necessarily<\/span> <span class=\"NormalTextRun SpellingErrorV2Themed SCXW214420114 BCX8\">reflect<\/span> <span class=\"NormalTextRun SpellingErrorV2Themed SCXW214420114 BCX8\">those<\/span><span class=\"NormalTextRun SCXW214420114 BCX8\"> of <\/span><span class=\"NormalTextRun SpellingErrorV2Themed SCXW214420114 BCX8\">the<\/span> <span class=\"NormalTextRun SpellingErrorV2Themed SCXW214420114 BCX8\">European<\/span> <span class=\"NormalTextRun SpellingErrorV2Themed SCXW214420114 BCX8\">Union<\/span> <span class=\"NormalTextRun SpellingErrorV2Themed SCXW214420114 BCX8\">or<\/span><span class=\"NormalTextRun SCXW214420114 BCX8\"> The <\/span><span class=\"NormalTextRun SpellingErrorV2Themed SCXW214420114 BCX8\">European<\/span> <span class=\"NormalTextRun SpellingErrorV2Themed SCXW214420114 BCX8\">Climate<\/span><span class=\"NormalTextRun SCXW214420114 BCX8\">, <\/span><span class=\"NormalTextRun SpellingErrorV2Themed SCXW214420114 BCX8\">Environment<\/span><span class=\"NormalTextRun SCXW214420114 BCX8\"> and <\/span><span class=\"NormalTextRun SpellingErrorV2Themed SCXW214420114 BCX8\">Infrastructure<\/span> <span class=\"NormalTextRun SpellingErrorV2Themed SCXW214420114 BCX8\">Executive<\/span><span class=\"NormalTextRun SCXW214420114 BCX8\"> Agency. <\/span><span class=\"NormalTextRun SpellingErrorV2Themed SCXW214420114 BCX8\">Neither<\/span> <span class=\"NormalTextRun SpellingErrorV2Themed SCXW214420114 BCX8\">the<\/span> <span class=\"NormalTextRun SpellingErrorV2Themed SCXW214420114 BCX8\">European<\/span> <span class=\"NormalTextRun SpellingErrorV2Themed SCXW214420114 BCX8\">Union<\/span> <span class=\"NormalTextRun SpellingErrorV2Themed SCXW214420114 BCX8\">nor<\/span> <span class=\"NormalTextRun SpellingErrorV2Themed SCXW214420114 BCX8\">the<\/span> <span class=\"NormalTextRun SpellingErrorV2Themed SCXW214420114 BCX8\">granting<\/span> <span class=\"NormalTextRun SpellingErrorV2Themed SCXW214420114 BCX8\">authority<\/span> <span class=\"NormalTextRun SpellingErrorV2Themed SCXW214420114 BCX8\">can<\/span> <span class=\"NormalTextRun SpellingErrorV2Themed SCXW214420114 BCX8\">be<\/span> <span class=\"NormalTextRun SpellingErrorV2Themed SCXW214420114 BCX8\">held<\/span> <span class=\"NormalTextRun SpellingErrorV2Themed SCXW214420114 BCX8\">responsible<\/span> <span class=\"NormalTextRun SpellingErrorV2Themed SCXW214420114 BCX8\">for<\/span> <span class=\"NormalTextRun SpellingErrorV2Themed SCXW214420114 BCX8\">them<\/span><span class=\"NormalTextRun SCXW214420114 BCX8\">.<\/span><\/span><span class=\"EOP SCXW214420114 BCX8\" data-ccp-props=\"{&quot;201341983&quot;:0,&quot;335559739&quot;:160,&quot;335559740&quot;:259}\">\u00a0<\/span><\/em>[\/vc_column_text][\/vc_column][\/vc_row][vc_row el_class=&#8221;accordion-style&#8221; css=&#8221;.vc_custom_1663233889832{background-color: #f4f4f4 !important;}&#8221;][vc_column][vc_tta_accordion active_section=&#8221;&#8221; collapsible_all=&#8221;true&#8221;][vc_tta_section title=&#8221;Electric wind turbines planned&#8221; tab_id=&#8221;1657103337029-83d5446c-7a09&#8243;][vc_column_text]<span data-contrast=\"auto\">The most common manufacturers of offshore wind turbines in the world are currently SiemensGamesa, Vestas, and GE Renewable Energy. These are the only manufacturers of offshore wind turbines that meet the requirements established in Europe and are certified accordingly.<\/span><span data-ccp-props=\"{&quot;201341983&quot;:0,&quot;335559739&quot;:160,&quot;335559740&quot;:259}\">\u00a0<\/span><\/p>\n<p>The output of the planned offshore wind turbies offered:<\/p>\n<ul>\n<li data-leveltext=\"\uf0b7\" data-font=\"Symbol\" data-listid=\"1\" data-list-defn-props=\"{&quot;335552541&quot;:1,&quot;335559684&quot;:-2,&quot;335559685&quot;:720,&quot;335559991&quot;:360,&quot;469769226&quot;:&quot;Symbol&quot;,&quot;469769242&quot;:[8226],&quot;469777803&quot;:&quot;left&quot;,&quot;469777804&quot;:&quot;\uf0b7&quot;,&quot;469777815&quot;:&quot;hybridMultilevel&quot;}\" aria-setsize=\"-1\" data-aria-posinset=\"1\" data-aria-level=\"1\"><span data-contrast=\"auto\">Vestas V236-15.0 MW\u2122, with a rotor diameter of 236 meters, a peak height of 270 m, and a power of 15 MW,<\/span><span data-ccp-props=\"{&quot;201341983&quot;:0,&quot;335559739&quot;:160,&quot;335559740&quot;:259}\">\u00a0<\/span><\/li>\n<li data-leveltext=\"\uf0b7\" data-font=\"Symbol\" data-listid=\"1\" data-list-defn-props=\"{&quot;335552541&quot;:1,&quot;335559684&quot;:-2,&quot;335559685&quot;:720,&quot;335559991&quot;:360,&quot;469769226&quot;:&quot;Symbol&quot;,&quot;469769242&quot;:[8226],&quot;469777803&quot;:&quot;left&quot;,&quot;469777804&quot;:&quot;\uf0b7&quot;,&quot;469777815&quot;:&quot;hybridMultilevel&quot;}\" aria-setsize=\"-1\" data-aria-posinset=\"2\" data-aria-level=\"1\"><span data-contrast=\"auto\">SiemensGamesa SG 14-236 DD, with a rotor diameter of 236 meters, a peak height of 270 meters, and a power of 14 MW,<\/span><span data-ccp-props=\"{&quot;201341983&quot;:0,&quot;335559739&quot;:160,&quot;335559740&quot;:259}\">\u00a0<\/span><\/li>\n<li data-leveltext=\"\uf0b7\" data-font=\"Symbol\" data-listid=\"1\" data-list-defn-props=\"{&quot;335552541&quot;:1,&quot;335559684&quot;:-2,&quot;335559685&quot;:720,&quot;335559991&quot;:360,&quot;469769226&quot;:&quot;Symbol&quot;,&quot;469769242&quot;:[8226],&quot;469777803&quot;:&quot;left&quot;,&quot;469777804&quot;:&quot;\uf0b7&quot;,&quot;469777815&quot;:&quot;hybridMultilevel&quot;}\" aria-setsize=\"-1\" data-aria-posinset=\"3\" data-aria-level=\"1\"><span data-contrast=\"auto\">GE Haliade-X 14 MW, with a rotor diameter of 220 meters, a peak height of 270 meters, and a power of 14 MW.<\/span><span data-ccp-props=\"{&quot;201341983&quot;:0,&quot;335559739&quot;:160,&quot;335559740&quot;:259}\">\u00a0<\/span><\/li>\n<\/ul>\n<p><span data-contrast=\"auto\">In recent years, wind turbine technology has developed by leaps and bounds and, as a result, we expect that more powerful and efficient wind turbines will be available on the market by the time the planned offshore wind farm is built. The actual number, model, and placement of the wind turbines will be determined during the superficies licence procedure, including the EIA and the preparation of the work project.<\/span><span data-ccp-props=\"{&quot;201341983&quot;:0,&quot;335559739&quot;:160,&quot;335559740&quot;:259}\">\u00a0<\/span>[\/vc_column_text][\/vc_tta_section][vc_tta_section title=&#8221;The type of foundation to be used&#8221; tab_id=&#8221;1657103337048-2b2436b8-817c&#8221;][vc_column_text]<span class=\"TextRun SCXW39044599 BCX0\" lang=\"EN-GB\" xml:lang=\"EN-GB\" data-contrast=\"auto\"><span class=\"NormalTextRun SCXW39044599 BCX0\">Different types of foundations are used in the construction of offshore wind turbines. The most common are monopile and gravity foundations, so tripod and jacket foundations are somewhat less commonly used.<\/span><\/span><span class=\"EOP SCXW39044599 BCX0\" data-ccp-props=\"{&quot;201341983&quot;:0,&quot;335559739&quot;:160,&quot;335559740&quot;:259}\">\u00a0<\/span><\/p>\n<p><img loading=\"lazy\" decoding=\"async\" class=\"alignnone wp-image-775 size-full\" src=\"https:\/\/saareliivituulepark.ee\/wp-content\/uploads\/2022\/07\/vundament.png\" alt=\"\" width=\"844\" height=\"234\" srcset=\"https:\/\/saareliivituulepark.ee\/wp-content\/uploads\/2022\/07\/vundament.png 844w, https:\/\/saareliivituulepark.ee\/wp-content\/uploads\/2022\/07\/vundament-300x83.png 300w, https:\/\/saareliivituulepark.ee\/wp-content\/uploads\/2022\/07\/vundament-768x213.png 768w\" sizes=\"auto, (max-width: 844px) 100vw, 844px\" \/>[\/vc_column_text][\/vc_tta_section][vc_tta_section title=&#8221;The submarine cable system and connection to the main grid of the offshore wind farm&#8221; tab_id=&#8221;1657103549455-efa599f5-2714&#8243;][vc_column_text]<span data-contrast=\"auto\">In order to operate the offshore wind farm and transmit the produced electricity to the power grid, it is inevitable to establish a system of submarine cables and a connection to the main grid.<\/span><span data-ccp-props=\"{&quot;201341983&quot;:0,&quot;335559739&quot;:160,&quot;335559740&quot;:259}\">\u00a0<\/span><\/p>\n<p><span data-contrast=\"auto\">The approximate length of the planned submarine cable is about 25 km, and the width of its sea corridor is estimated to be 6 m to 20 m wide. We see the existing Kihnu sea cable landing point as a potential landing point for the submarine cable of the wind farm. In addition, at least one substation will be built in the offshore wind farm, where the power cables from the wind turbines will run and the voltage will be converted to a voltage level suitable for connecting to the electricity grid.<\/span><span data-ccp-props=\"{&quot;201341983&quot;:0,&quot;335559739&quot;:160,&quot;335559740&quot;:259}\">\u00a0<\/span><\/p>\n<p><span data-contrast=\"auto\">Onshore it is planned to connect the offshore wind farm to the Estonian main grid through the Harku-Lihula-Sindi 330 kV line via the nearest substation. We have submitted the request for design provisions for the construction of cable routes to the city of P\u00e4rnu, mainly in the protection zone of existing power lines. In the course of the design provisions procedure, we cooperate with landowners, authorities, local government, and network companies.<\/span><span data-ccp-props=\"{&quot;201341983&quot;:0,&quot;335559739&quot;:160,&quot;335559740&quot;:259}\">\u00a0<\/span>[\/vc_column_text][\/vc_tta_section][\/vc_tta_accordion]<div class=\"dfd-spacer-module\"  data-units=\"px\" data-wide_resolution=\"1280\" data-wide_size=\"80\" data-normal_resolution=\"1024\" data-normal_size=\"60\" data-tablet_resolution=\"800\" data-tablet_size=\"60\" data-mobile_resolution=\"480\" data-mobile_size=\"40\" style=\"height: 80px;\"><\/div>[\/vc_column][\/vc_row][vc_row css=&#8221;.vc_custom_1656941722279{background-color: #ffffff !important;}&#8221;][vc_column]<div class=\"dfd-spacer-module\"  data-units=\"px\" data-wide_resolution=\"1280\" data-wide_size=\"50\" data-normal_resolution=\"1024\" data-normal_size=\"40\" data-tablet_resolution=\"800\" data-tablet_size=\"40\" data-mobile_resolution=\"480\" data-mobile_size=\"30\" style=\"height: 50px;\"><\/div><div id=\"dfd-timeline-69da528b13d04-5023\" class=\"dfd-timeline-wrap timeline  text-center cr-animate-gen\"  data-animate-item=\".timeline__content\" data-animate-type = \"transition.perspectiveDownIn\" data-columns=\"4\" data-columns-desktop=\"5\" data-columns-tablet=\"5\" data-columns-mobile=\"5\"><div class=\"timeline__wrap\"><div class=\"timeline__items\"><div class=\"timeline__item completed\"><div class=\"timeline__content\"><div class=\"dfd-timeline-date box-name\">2017<\/div><div class=\"dfd-timeline-description\">With Order No. 1-1\/17\/152, the county-wide spatial plan was established for the maritime area bordering P\u00e4rnu County, which defines the potential development area of wind energy. <\/div><\/div><\/div><div class=\"timeline__item completed\"><div class=\"timeline__content\"><div class=\"dfd-timeline-date box-name\">2021<\/div><div class=\"dfd-timeline-description\">On the basis of Utilitas&#039; request, the TTJA (Consumer Protection and Technical Regulatory Authority) initiated the superficies licence procedure for the construction of an offshore wind farm in the sea area of P\u00e4rnu County in the Gulf of Riga, decision No. 1-7\/21-521. <\/div><\/div><\/div><div class=\"timeline__item completed\"><div class=\"timeline__content\"><div class=\"dfd-timeline-date box-name\">2022-2025<\/div><div class=\"dfd-timeline-description\">As part of the superficies licence procedure, both the environmental impact assessment and other necessary research are carried out. At the same time, the detailed technical and financial preparation of the project is on-going. <\/div><\/div><\/div><div class=\"timeline__item \"><div class=\"timeline__content\"><div class=\"dfd-timeline-date box-name\">2026-2029<\/div><div class=\"dfd-timeline-description\">The design and construction of the wind farm <\/div><\/div><\/div><div class=\"timeline__item \"><div class=\"timeline__content\"><div class=\"dfd-timeline-date box-name\">2030<\/div><div class=\"dfd-timeline-description\">Completion of the first stage of the wind farm and transmission of electricity in the capacity corresponding to the connections. \n<\/div><\/div><\/div><\/div><\/div><script type=\"text\/javascript\">(function($) {$(\"head\").append(\"<style>#dfd-timeline-69da528b13d04-5023.timeline--horizontal .timeline__item.completed .timeline__item__inner:before, #dfd-timeline-69da528b13d04-5023 .timeline__item.completed:before, #dfd-timeline-69da528b13d04-5023 .timeline__item.completed:after {background: #a2c02f;}#dfd-timeline-69da528b13d04-5023 .timeline-nav-button:hover:before {color: #a2c02f;}<\/style>\");})(jQuery);<\/script><\/div><div class=\"dfd-spacer-module\"  data-units=\"px\" data-wide_resolution=\"1280\" data-wide_size=\"50\" data-normal_resolution=\"1024\" data-normal_size=\"40\" data-tablet_resolution=\"800\" data-tablet_size=\"40\" data-mobile_resolution=\"480\" data-mobile_size=\"30\" style=\"height: 50px;\"><\/div>[\/vc_column][\/vc_row][vc_row][vc_column width=&#8221;1\/2&#8243;]<div class=\"dfd-spacer-module\"  data-units=\"px\" data-wide_resolution=\"1280\" data-wide_size=\"50\" data-normal_resolution=\"1024\" data-normal_size=\"40\" data-tablet_resolution=\"800\" data-tablet_size=\"40\" data-mobile_resolution=\"480\" data-mobile_size=\"30\" style=\"height: 50px;\"><\/div>[vc_single_image image=&#8221;1695&#8243; img_size=&#8221;full&#8221; css=&#8221;&#8221; onclick=&#8221;img_link_large&#8221;]<div class=\"dfd-spacer-module\"  data-units=\"px\" data-wide_resolution=\"1280\" data-wide_size=\"50\" data-normal_resolution=\"1024\" data-normal_size=\"40\" data-tablet_resolution=\"800\" data-tablet_size=\"40\" data-mobile_resolution=\"480\" data-mobile_size=\"30\" style=\"height: 50px;\"><\/div>[\/vc_column][vc_column width=&#8221;1\/2&#8243;]<div class=\"dfd-spacer-module\"  data-units=\"px\" data-wide_resolution=\"1280\" data-wide_size=\"50\" data-normal_resolution=\"1024\" data-normal_size=\"40\" data-tablet_resolution=\"800\" data-tablet_size=\"40\" data-mobile_resolution=\"480\" data-mobile_size=\"30\" style=\"height: 50px;\"><\/div>[vc_column_text css=&#8221;&#8221;]<b><span data-contrast=\"auto\">The nearest wind turbines are located:<\/span><\/b><span data-ccp-props=\"{&quot;201341983&quot;:0,&quot;335559739&quot;:160,&quot;335559740&quot;:259}\">\u00a0<\/span><\/p>\n<ul>\n<li><span data-contrast=\"auto\">From Kihnu island \u2013 more than 10 km<\/span><span data-ccp-props=\"{&quot;201341983&quot;:0,&quot;335559739&quot;:160,&quot;335559740&quot;:259}\">\u00a0<\/span><\/li>\n<li><span data-contrast=\"auto\">From the coast in T\u00f5stamaa and L\u00e4\u00e4neranna \u2013 more than 20 km<\/span><span data-ccp-props=\"{&quot;201341983&quot;:0,&quot;335559739&quot;:160,&quot;335559740&quot;:259}\">\u00a0<\/span><\/li>\n<li><span data-contrast=\"auto\">From the coast in H\u00e4\u00e4demeeste \u2013 more than 40 km<\/span><span data-ccp-props=\"{&quot;201341983&quot;:0,&quot;335559739&quot;:160,&quot;335559740&quot;:259}\">\u00a0<\/span><\/li>\n<li><span data-contrast=\"auto\">From the city of Kuressaare \u2013 more than 65 km<\/span><span data-ccp-props=\"{&quot;201341983&quot;:0,&quot;335559739&quot;:160,&quot;335559740&quot;:259}\">\u00a0<\/span><\/li>\n<li><span data-contrast=\"auto\">From the city beach in P\u00e4rnu \u2013 more than 50 km<\/span><span data-ccp-props=\"{&quot;201341983&quot;:0,&quot;335559739&quot;:160,&quot;335559740&quot;:259}\">\u00a0<\/span><\/li>\n<li><span data-contrast=\"auto\">From Ruhnu island \u2013 more than 30 km<\/span><span data-ccp-props=\"{&quot;201341983&quot;:0,&quot;335559739&quot;:160,&quot;335559740&quot;:259}\">\u00a0<\/span><\/li>\n<\/ul>\n<p>[\/vc_column_text]<div class=\"dfd-spacer-module\"  data-units=\"px\" data-wide_resolution=\"1280\" data-wide_size=\"50\" data-normal_resolution=\"1024\" data-normal_size=\"40\" data-tablet_resolution=\"800\" data-tablet_size=\"40\" data-mobile_resolution=\"480\" data-mobile_size=\"30\" style=\"height: 50px;\"><\/div>[\/vc_column][\/vc_row]<\/p>\n<\/div>","protected":false},"excerpt":{"rendered":"<p>[vc_row dfd_row_config=&#8221;full_width_content&#8221; css=&#8221;.vc_custom_1656941022917{background-color: #f4f4f4 !important;}&#8221;][vc_column][\/vc_column][\/vc_row][vc_row css=&#8221;.vc_custom_1663233860928{background-color: #f4f4f4 !important;}&#8221;][vc_column width=&#8221;1\/2&#8243;][vc_column_text]According to the county-wide spatial plan established in 2017 for the maritime area bordering P\u00e4rnu County, areas in the Gulf of Riga<\/p>\n","protected":false},"author":1,"featured_media":0,"parent":0,"menu_order":0,"comment_status":"closed","ping_status":"closed","template":"page-custom-with-header.php","meta":{"_acf_changed":false,"footnotes":""},"class_list":["post-833","page","type-page","status-publish","hentry"],"acf":[],"post_mailing_queue_ids":[],"_links":{"self":[{"href":"https:\/\/saareliivituulepark.ee\/en\/wp-json\/wp\/v2\/pages\/833","targetHints":{"allow":["GET"]}}],"collection":[{"href":"https:\/\/saareliivituulepark.ee\/en\/wp-json\/wp\/v2\/pages"}],"about":[{"href":"https:\/\/saareliivituulepark.ee\/en\/wp-json\/wp\/v2\/types\/page"}],"author":[{"embeddable":true,"href":"https:\/\/saareliivituulepark.ee\/en\/wp-json\/wp\/v2\/users\/1"}],"replies":[{"embeddable":true,"href":"https:\/\/saareliivituulepark.ee\/en\/wp-json\/wp\/v2\/comments?post=833"}],"version-history":[{"count":17,"href":"https:\/\/saareliivituulepark.ee\/en\/wp-json\/wp\/v2\/pages\/833\/revisions"}],"predecessor-version":[{"id":1698,"href":"https:\/\/saareliivituulepark.ee\/en\/wp-json\/wp\/v2\/pages\/833\/revisions\/1698"}],"wp:attachment":[{"href":"https:\/\/saareliivituulepark.ee\/en\/wp-json\/wp\/v2\/media?parent=833"}],"curies":[{"name":"wp","href":"https:\/\/api.w.org\/{rel}","templated":true}]}}